{"id":13568,"date":"2023-03-10T12:24:28","date_gmt":"2023-03-10T10:24:28","guid":{"rendered":"https:\/\/kruvid24.ee\/ru\/?post_type=product&#038;p=13568"},"modified":"2025-06-02T21:09:14","modified_gmt":"2025-06-02T19:09:14","slug":"matkajalatsid-meestele-ja-naistele-mishansha-suurus-43","status":"publish","type":"product","link":"https:\/\/kruvid24.ee\/en\/p\/hiking-shoes-for-men-and-women-mishansha-size-43\/","title":{"rendered":"Hiking shoes for men and women Mishansha size 41"},"content":{"rendered":"<p>\ud83d\udc5f Matkajalatsid Mishansha (unisex)<br \/>\nIdeaalne valik aktiivseks puhkuseks ja reisimiseks!<br \/>\n\u2714 Suurus: 41<br \/>\n\u2714 Sisetalla pikkus: 27 cm<br \/>\n\u2714 Sisetalla laius: 9 cm<br \/>\n\u2714 V\u00e4limine materjal: s\u00fcnteetiline<br \/>\n\u2714 Tald: kulumiskindel kumm<br \/>\n\u2714 Universaalne sobivus &#8211; normaalne laius<br \/>\n\u2714 Sobib nii meestele kui ka naistele<br \/>\nUsaldusv\u00e4\u00e4rsed, kerged ja mugavad jalan\u00f5ud \u2013 teie mugavus igal marsruudil!<br \/>\n\ud83d\uded2 Telli: www.kruvid24.ee<br \/>\n\ud83d\ude9a Kohaletoimetamine \u00fcle Eesti, L\u00e4ti<br \/>\n0739988163062, X001DJDH4B 117-1.4<\/p>\n<p>#matkasaapad #turism #matkasaapad #mishansha #\u00f5uesaapad #meestesaapad #naistesaapad #unisexsaapad #jalatsidEesti #kingapood #mugavadsaapad #matk2025 #tossud<br \/>\n<\/p>","protected":false},"excerpt":{"rendered":"<p>\ud83d\udc5f Matkajalatsid Mishansha (unisex) Ideaalne valik aktiivseks puhkuseks ja reisimiseks! \u2714 Suurus: 41 \u2714 Sisetalla pikkus: 27 cm \u2714 Sisetalla<\/p>\n","protected":false},"featured_media":13546,"template":"","meta":[],"class_list":["post-13568","product","type-product","status-publish","has-post-thumbnail","hentry","product_cat-ulejaagid"],"_links":{"self":[{"href":"https:\/\/kruvid24.ee\/en\/wp-json\/wp\/v2\/product\/13568","targetHints":{"allow":["GET"]}}],"collection":[{"href":"https:\/\/kruvid24.ee\/en\/wp-json\/wp\/v2\/product"}],"about":[{"href":"https:\/\/kruvid24.ee\/en\/wp-json\/wp\/v2\/types\/product"}],"wp:featuredmedia":[{"embeddable":true,"href":"https:\/\/kruvid24.ee\/en\/wp-json\/wp\/v2\/media\/13546"}],"wp:attachment":[{"href":"https:\/\/kruvid24.ee\/en\/wp-json\/wp\/v2\/media?parent=13568"}],"curies":[{"name":"wp","href":"https:\/\/api.w.org\/{rel}","templated":true}]}}