{"id":13659,"date":"2023-03-21T16:14:06","date_gmt":"2023-03-21T14:14:06","guid":{"rendered":"https:\/\/kruvid24.ee\/ru\/?post_type=product&#038;p=13659"},"modified":"2023-03-21T17:28:02","modified_gmt":"2023-03-21T15:28:02","slug":"armatuurikandur-15-20","status":"publish","type":"product","link":"https:\/\/kruvid24.ee\/en\/p\/armatuurikandur-25-30-2\/","title":{"rendered":"Armatuurikandur 15\/20"},"content":{"rendered":"<p>Fiksaator ette n\u00e4htud Stabiilse pinda (p\u00f5randa) betoneerimiseks<br \/>\nMaterjal Pol\u00fcet\u00fcleen (PE)<br \/>\nKulu, \u043c\u00b2\/tk 4<br \/>\n\u2022 Armatuurikandureid \u201cseen\u201d kasutatakse betoonkonstruktsioonides kaitsekihi tekitamiseks.<br \/>\n\u2022 Kasutakse pehme pinnase peal.<br \/>\n170125<\/p>","protected":false},"excerpt":{"rendered":"<p>Fiksaator ette n\u00e4htud Stabiilse pinda (p\u00f5randa) betoneerimiseks Materjal Pol\u00fcet\u00fcleen (PE) Kulu, \u043c\u00b2\/tk 4 \u2022 Armatuurikandureid \u201cseen\u201d kasutatakse betoonkonstruktsioonides kaitsekihi tekitamiseks.<\/p>\n","protected":false},"featured_media":13658,"template":"","meta":[],"class_list":["post-13659","product","type-product","status-publish","has-post-thumbnail","hentry","product_cat-profiilid"],"_links":{"self":[{"href":"https:\/\/kruvid24.ee\/en\/wp-json\/wp\/v2\/product\/13659","targetHints":{"allow":["GET"]}}],"collection":[{"href":"https:\/\/kruvid24.ee\/en\/wp-json\/wp\/v2\/product"}],"about":[{"href":"https:\/\/kruvid24.ee\/en\/wp-json\/wp\/v2\/types\/product"}],"wp:featuredmedia":[{"embeddable":true,"href":"https:\/\/kruvid24.ee\/en\/wp-json\/wp\/v2\/media\/13658"}],"wp:attachment":[{"href":"https:\/\/kruvid24.ee\/en\/wp-json\/wp\/v2\/media?parent=13659"}],"curies":[{"name":"wp","href":"https:\/\/api.w.org\/{rel}","templated":true}]}}