{"id":15764,"date":"2024-03-15T16:04:14","date_gmt":"2024-03-15T14:04:14","guid":{"rendered":"https:\/\/kruvid24.ee\/ru\/?post_type=product&#038;p=15764"},"modified":"2024-03-15T16:04:16","modified_gmt":"2024-03-15T14:04:16","slug":"pyf14a-din-liistu-relee","status":"publish","type":"product","link":"https:\/\/kruvid24.ee\/en\/p\/pyf14a-din-liistu-relee\/","title":{"rendered":"PYF14A DIN-liistu relee"},"content":{"rendered":"<p><span class=\"a-list-item\">See \u00fchildub MY4NJ, HH54P, MY4, H3Y-4 jne.14 pin t\u00fc\u00fcpi, DIN-liistu kinnitus- ja kruviklemmidega, mida kasutatakse \u00fcldotstarbelise 14-kontaktilise relee jaoks.<br \/>\n<\/span><span class=\"a-list-item\">Ainult releebaas<br \/>\n<\/span><span class=\"a-list-item\">Toote nimi: Relee pesa<br \/>\n<\/span><span class=\"a-list-item\">Mudel: PYF14A<br \/>\nX001O8AED3 114-4.1<\/span><\/p>\n","protected":false},"excerpt":{"rendered":"<p>See \u00fchildub MY4NJ, HH54P, MY4, H3Y-4 jne.14 pin t\u00fc\u00fcpi, DIN-liistu kinnitus- ja kruviklemmidega, mida kasutatakse \u00fcldotstarbelise 14-kontaktilise relee jaoks. Ainult<\/p>\n","protected":false},"featured_media":15765,"template":"","meta":[],"class_list":["post-15764","product","type-product","status-publish","has-post-thumbnail","hentry","product_cat-ulejaagid"],"_links":{"self":[{"href":"https:\/\/kruvid24.ee\/en\/wp-json\/wp\/v2\/product\/15764","targetHints":{"allow":["GET"]}}],"collection":[{"href":"https:\/\/kruvid24.ee\/en\/wp-json\/wp\/v2\/product"}],"about":[{"href":"https:\/\/kruvid24.ee\/en\/wp-json\/wp\/v2\/types\/product"}],"wp:featuredmedia":[{"embeddable":true,"href":"https:\/\/kruvid24.ee\/en\/wp-json\/wp\/v2\/media\/15765"}],"wp:attachment":[{"href":"https:\/\/kruvid24.ee\/en\/wp-json\/wp\/v2\/media?parent=15764"}],"curies":[{"name":"wp","href":"https:\/\/api.w.org\/{rel}","templated":true}]}}