{"id":15805,"date":"2024-03-27T16:19:30","date_gmt":"2024-03-27T14:19:30","guid":{"rendered":"https:\/\/kruvid24.ee\/ru\/?post_type=product&#038;p=15805"},"modified":"2025-12-19T09:35:47","modified_gmt":"2025-12-19T07:35:47","slug":"magnetiline-hoidja-2tk","status":"publish","type":"product","link":"https:\/\/kruvid24.ee\/en\/p\/cprosp-2x-welding-magnet-11-kg-holding-force\/","title":{"rendered":"CPROSP 2x Welding Magnet 11 kg Holding Force"},"content":{"rendered":"<p>CPROSP 2 x keevitusmagnet 11 kg hoidmisj\u00f5ud, keevitusnurk magnetiline 45\u00b0 x 90\u00b0 x 135\u00b0, keevitusabi nurk punane, noolekeevitusmagnet.<br \/>\nTugev magnet 11 kg: need magnetkeevitusnurgad hoiavad keevismaterjali kindlalt ja on t\u00f5eliseks abimeheks t\u00f6\u00f6kojas<br \/>\nL\u00fclitav keevitusmagnet: noolekujuline disain v\u00f5imaldab detailide keevitamisel t\u00f6\u00f6tada erinevate nurkade all. Saab kasutada 45, 90 ja 135 kraadise nurga jaoks.<br \/>\nVabad k\u00e4ed: metallprojektide painutamiseks ja koos hoidmiseks enne osade kokkusulatamist, et keevitamisel oleks vabad k\u00e4ed.<br \/>\nK\u00f5rge kvaliteet: valmistatud kvaliteetsest pulberv\u00e4rviga roostevabast terasest, need keevitusmagnetid on vastupidavad, vastupidavad ning rooste- ja korrosioonikindlad; magnetitel olev keskmine auk v\u00f5imaldab keevitusmagnetitest h\u00f5lpsasti kinni haarata.<br \/>\nMultifunktsionaalne: magnetilisi noolehoidjaid saab kasutada enamaks kui lihtsalt keevitamiseks. Kasutage neid keevitamisel, jootmisel, montaa\u017eil, torude paigaldamisel ja riputamisel.<br \/>\nX001NM4FXZ 120-1.3<\/p>","protected":false},"excerpt":{"rendered":"<p>CPROSP 2 x keevitusmagnet 11 kg hoidmisj\u00f5ud, keevitusnurk magnetiline 45\u00b0 x 90\u00b0 x 135\u00b0, keevitusabi nurk punane, noolekeevitusmagnet. Tugev magnet<\/p>\n","protected":false},"featured_media":15806,"template":"","meta":[],"class_list":["post-15805","product","type-product","status-publish","has-post-thumbnail","hentry","product_cat-ulejaagid"],"_links":{"self":[{"href":"https:\/\/kruvid24.ee\/en\/wp-json\/wp\/v2\/product\/15805","targetHints":{"allow":["GET"]}}],"collection":[{"href":"https:\/\/kruvid24.ee\/en\/wp-json\/wp\/v2\/product"}],"about":[{"href":"https:\/\/kruvid24.ee\/en\/wp-json\/wp\/v2\/types\/product"}],"wp:featuredmedia":[{"embeddable":true,"href":"https:\/\/kruvid24.ee\/en\/wp-json\/wp\/v2\/media\/15806"}],"wp:attachment":[{"href":"https:\/\/kruvid24.ee\/en\/wp-json\/wp\/v2\/media?parent=15805"}],"curies":[{"name":"wp","href":"https:\/\/api.w.org\/{rel}","templated":true}]}}