{"id":16467,"date":"2024-07-02T07:19:35","date_gmt":"2024-07-02T05:19:35","guid":{"rendered":"https:\/\/kruvid24.ee\/ru\/?post_type=product&#038;p=16467"},"modified":"2024-07-07T16:46:07","modified_gmt":"2024-07-07T14:46:07","slug":"na4-aknanurk-300x300x40x40-mm","status":"publish","type":"product","link":"https:\/\/kruvid24.ee\/en\/p\/na4-corner-plate-300x300x40x40-mm\/","title":{"rendered":"NA4 Corner plate 300x300x40x4,0 mm"},"content":{"rendered":"<p>NA4 Corner plate 300x300x40x4,0 mm<br \/>\nApplication: Flats applied to fixing window and door frames. Furthermore they are also used to stiffen quoins of flat elements such as shutters or door leafs. Material: DC01 + yellow galvanization DX51D + Z275. Thickness: 12mm; 20mm; 25mm; 30mm; 40mm Fixing: Carpentry nails ANCHOR \u00f82 \u00f84; screws for timber \u00f84 \u00f85; bolts M5.<br \/>\n5907708146540<br \/>\n4654<\/p>","protected":false},"excerpt":{"rendered":"<p>NA4 Corner plate 300x300x40x4,0 mm Application: Flats applied to fixing window and door frames. Furthermore they are also used to<\/p>\n","protected":false},"featured_media":16469,"template":"","meta":[],"class_list":["post-16467","product","type-product","status-publish","has-post-thumbnail","hentry","product_cat-nurgad"],"_links":{"self":[{"href":"https:\/\/kruvid24.ee\/en\/wp-json\/wp\/v2\/product\/16467","targetHints":{"allow":["GET"]}}],"collection":[{"href":"https:\/\/kruvid24.ee\/en\/wp-json\/wp\/v2\/product"}],"about":[{"href":"https:\/\/kruvid24.ee\/en\/wp-json\/wp\/v2\/types\/product"}],"wp:featuredmedia":[{"embeddable":true,"href":"https:\/\/kruvid24.ee\/en\/wp-json\/wp\/v2\/media\/16469"}],"wp:attachment":[{"href":"https:\/\/kruvid24.ee\/en\/wp-json\/wp\/v2\/media?parent=16467"}],"curies":[{"name":"wp","href":"https:\/\/api.w.org\/{rel}","templated":true}]}}