{"id":16946,"date":"2024-10-11T08:21:35","date_gmt":"2024-10-11T06:21:35","guid":{"rendered":"https:\/\/kruvid24.ee\/ru\/?post_type=product&#038;p=16946"},"modified":"2026-04-15T13:47:28","modified_gmt":"2026-04-15T11:47:28","slug":"peidetud-kinnitusega-riiul-595-235-wenge","status":"publish","type":"product","link":"https:\/\/kruvid24.ee\/en\/p\/fs-60-24-we-floating-shelf-wenge-595x235\/","title":{"rendered":"FS 60\/24 WE Floating shelf wenge 595&#215;235"},"content":{"rendered":"<p>Peidetud kinnitustega riiulid pakuvad keerukat ja ajatut stiili. Need sobivad ideaalselt igasse ruumi, mida kasutatakse raamatute, fotode, suveniiride v\u00f5i kaunistuste hoidmiseks. Need on varustatud sisemiste klambritega, t\u00e4nu millele on seinakinnitus v\u00e4ljast t\u00e4iesti n\u00e4htamatu ning riiul n\u00e4eb v\u00e4ga esteetiliselt meeldiv v\u00e4lja. T\u00e4iendavad augud p\u00f5hjas tagavad kronsteini stabiilse pingutamise. Komplekt sisaldab riiuliklambrit ja kruvide komplekti o35\u00d720 o5\u00d745 (sh spooni v\u00e4rvi korgid augu maskeerimiseks) ja kinnitust\u00fc\u00fcblid o8\u00d740 seinale kinnitamiseks.<br \/>\nV\u00e4rv: wenge<br \/>\nM\u00f5\u00f5dud: 595x235x38 mm<br \/>\nKaal: 2,10 kg.<br \/>\n5907708145888<br \/>\n65084 120-2.9<\/p>","protected":false},"excerpt":{"rendered":"<p>Peidetud kinnitustega riiulid pakuvad keerukat ja ajatut stiili. Need sobivad ideaalselt igasse ruumi, mida kasutatakse raamatute, fotode, suveniiride v\u00f5i kaunistuste<\/p>\n","protected":false},"featured_media":16947,"template":"","meta":[],"class_list":["post-16946","product","type-product","status-publish","has-post-thumbnail","hentry","product_cat-riiulid"],"_links":{"self":[{"href":"https:\/\/kruvid24.ee\/en\/wp-json\/wp\/v2\/product\/16946","targetHints":{"allow":["GET"]}}],"collection":[{"href":"https:\/\/kruvid24.ee\/en\/wp-json\/wp\/v2\/product"}],"about":[{"href":"https:\/\/kruvid24.ee\/en\/wp-json\/wp\/v2\/types\/product"}],"wp:featuredmedia":[{"embeddable":true,"href":"https:\/\/kruvid24.ee\/en\/wp-json\/wp\/v2\/media\/16947"}],"wp:attachment":[{"href":"https:\/\/kruvid24.ee\/en\/wp-json\/wp\/v2\/media?parent=16946"}],"curies":[{"name":"wp","href":"https:\/\/api.w.org\/{rel}","templated":true}]}}