{"id":17702,"date":"2025-03-08T11:53:44","date_gmt":"2025-03-08T09:53:44","guid":{"rendered":"https:\/\/kruvid24.ee\/ru\/?post_type=product&#038;p=17702"},"modified":"2025-03-08T11:53:50","modified_gmt":"2025-03-08T09:53:50","slug":"jalgrattakingad-mtb-eu44","status":"publish","type":"product","link":"https:\/\/kruvid24.ee\/en\/p\/sycling-shoes-mtb-eu44\/","title":{"rendered":"\u0421ycling shoes MTB, EU44"},"content":{"rendered":"<p><span class=\"HwtZe\" lang=\"et\"><span class=\"jCAhz ChMk0b\"><span class=\"ryNqvb\">Klambriga \u00fchilduvad MTB rattajalatsid, mis on loodud mugavaks ja t\u00f5husaks rattas\u00f5iduks.<\/span><\/span> <span class=\"jCAhz ChMk0b\"><span class=\"ryNqvb\">See tagab kindla jalatoe, parandab j\u00f5u\u00fclekannet pedaalidele ja suurendab mugavust pikkadel s\u00f5itudel.<\/span><\/span> <span class=\"jCAhz ChMk0b\"><span class=\"ryNqvb\">Suurep\u00e4rane v\u00f5imalus igap\u00e4evasteks ratsutamis- ja rattamatkadeks. <\/span><\/span><span class=\"jCAhz ChMk0b\"><span class=\"ryNqvb\">Suurus: EU 44 Tootel on suurus \u201945 <\/span><\/span><span class=\"jCAhz ChMk0b\"><span class=\"ryNqvb\">Jala pikkus: 27,8 cm (vt suurustabelit) <\/span><\/span><span class=\"jCAhz ChMk0b\"><span class=\"ryNqvb\">Sisematerjal: kangas, s\u00fcnteetiline nahk <\/span><\/span><span class=\"jCAhz ChMk0b\"><span class=\"ryNqvb\">Kellele: universaalne <\/span><\/span><span class=\"jCAhz ChMk0b\"><span class=\"ryNqvb\">Kasutamine: iga p\u00e4ev <\/span><\/span><span class=\"jCAhz\"><span class=\"ryNqvb\">Stiil: Sportlik <\/span><\/span><span class=\"jCAhz ChMk0b\"><span class=\"ryNqvb\">Hooaeg: k\u00f5ik aastaajad <\/span><\/span><span class=\"jCAhz\"><span class=\"ryNqvb\">Riik &#8211; Hiina<br \/>\n<\/span><\/span><span class=\"jCAhz\"><span class=\"ryNqvb\">0658606755109<\/p>\n<p><\/span><\/span><span class=\"jCAhz ChMk0b\"><span class=\"ryNqvb\">#rattakingad #rattas\u00f5it #MTB #roadcycling #ratas #varustus #klambritapedaalid #BMX #turism #mugavus #kaitse #rattareis #sport #ekstremering<\/span><\/span><\/span><\/p>","protected":false},"excerpt":{"rendered":"<p>Klambriga \u00fchilduvad MTB rattajalatsid, mis on loodud mugavaks ja t\u00f5husaks rattas\u00f5iduks. See tagab kindla jalatoe, parandab j\u00f5u\u00fclekannet pedaalidele ja suurendab<\/p>\n","protected":false},"featured_media":17697,"template":"","meta":[],"class_list":["post-17702","product","type-product","status-publish","has-post-thumbnail","hentry","product_cat-sport-ja-meelelahutus"],"_links":{"self":[{"href":"https:\/\/kruvid24.ee\/en\/wp-json\/wp\/v2\/product\/17702","targetHints":{"allow":["GET"]}}],"collection":[{"href":"https:\/\/kruvid24.ee\/en\/wp-json\/wp\/v2\/product"}],"about":[{"href":"https:\/\/kruvid24.ee\/en\/wp-json\/wp\/v2\/types\/product"}],"wp:featuredmedia":[{"embeddable":true,"href":"https:\/\/kruvid24.ee\/en\/wp-json\/wp\/v2\/media\/17697"}],"wp:attachment":[{"href":"https:\/\/kruvid24.ee\/en\/wp-json\/wp\/v2\/media?parent=17702"}],"curies":[{"name":"wp","href":"https:\/\/api.w.org\/{rel}","templated":true}]}}