{"id":8358,"date":"2021-05-12T10:18:14","date_gmt":"2021-05-12T08:18:14","guid":{"rendered":"https:\/\/kruvid24.ee\/ru\/?post_type=product&#038;p=8358"},"modified":"2026-04-23T20:03:10","modified_gmt":"2026-04-23T18:03:10","slug":"pp-naelutusplaat-20-mm","status":"publish","type":"product","link":"https:\/\/kruvid24.ee\/en\/p\/pp-perforated-plate-20-mm\/","title":{"rendered":"PP &#8211; Perforated plate (2,0 mm)"},"content":{"rendered":"<p>PP &#8211; Nailed plate, Perforated plates<br \/>\nApplication: Flat sections or simply planes are applied to joints where the side surfaces of the connected elements are in the same plane. They are usually used in pairs and placed on either side. They have a smooth finish that allows them to be applied both indoors and outdoors. outside.<br \/>\nMaterial: galvanized steel sheet with a thickness of 1.2 to 2.5 mm.<br \/>\nFastening: Carpenter nails ANCHOR \u00f82, \u00f84; screws for wood \u00f83, \u00f84, \u00f85, \u00f86, \u00f810; bolts M5, M10, M12; concrete anchors M5, M10, M12.<\/p>","protected":false},"excerpt":{"rendered":"<p>PP &#8211; Nailed plate, Perforated plates Application: Flat sections or simply planes are applied to joints where the side surfaces<\/p>\n","protected":false},"featured_media":8768,"template":"","meta":[],"class_list":["post-8358","product","type-product","status-publish","has-post-thumbnail","hentry","product_cat-naelutusplaadid"],"_links":{"self":[{"href":"https:\/\/kruvid24.ee\/en\/wp-json\/wp\/v2\/product\/8358","targetHints":{"allow":["GET"]}}],"collection":[{"href":"https:\/\/kruvid24.ee\/en\/wp-json\/wp\/v2\/product"}],"about":[{"href":"https:\/\/kruvid24.ee\/en\/wp-json\/wp\/v2\/types\/product"}],"wp:featuredmedia":[{"embeddable":true,"href":"https:\/\/kruvid24.ee\/en\/wp-json\/wp\/v2\/media\/8768"}],"wp:attachment":[{"href":"https:\/\/kruvid24.ee\/en\/wp-json\/wp\/v2\/media?parent=8358"}],"curies":[{"name":"wp","href":"https:\/\/api.w.org\/{rel}","templated":true}]}}