{"id":9486,"date":"2021-09-14T17:04:59","date_gmt":"2021-09-14T15:04:59","guid":{"rendered":"https:\/\/kruvid24.ee\/ru\/?post_type=product&#038;p=9486"},"modified":"2025-10-29T20:08:02","modified_gmt":"2025-10-29T18:08:02","slug":"h2u-160-konks-u-120x120x50-mm","status":"publish","type":"product","link":"https:\/\/kruvid24.ee\/en\/p\/h2u-160-double-hook-type-u-120x120x50-mm\/","title":{"rendered":"H2U 160 Double hook type U 120x120x50 mm"},"content":{"rendered":"<p>M\u00f5eldud erinevate asjade riputamiseks garaa\u017eis, keldris jne.<br \/>\nTopeltkonksud garaa\u017eikonksud, mis sobivad suurep\u00e4raselt laia k\u00e4epidemega t\u00f6\u00f6riistade (nt kahvlite, labidate v\u00f5i labidate) hoidmiseks. Otsa keerd takistab rippuvate esemete libisemist. 8 mikroni tsingiga kaetud tooted on m\u00f5eldud kasutamiseks kuivades ruumides, kus on v\u00f5imalik perioodiliselt kokku puutuda niiskusega (vihm, lumi).<br \/>\nSeinakonksud, Garaa\u017ei konks<br \/>\n5907708158239<br \/>\n5823<\/p>","protected":false},"excerpt":{"rendered":"<p>M\u00f5eldud erinevate asjade riputamiseks garaa\u017eis, keldris jne. Topeltkonksud garaa\u017eikonksud, mis sobivad suurep\u00e4raselt laia k\u00e4epidemega t\u00f6\u00f6riistade (nt kahvlite, labidate v\u00f5i labidate)<\/p>\n","protected":false},"featured_media":9484,"template":"","meta":[],"class_list":["post-9486","product","type-product","status-publish","has-post-thumbnail","hentry","product_cat-garaazi-jaoks"],"_links":{"self":[{"href":"https:\/\/kruvid24.ee\/en\/wp-json\/wp\/v2\/product\/9486","targetHints":{"allow":["GET"]}}],"collection":[{"href":"https:\/\/kruvid24.ee\/en\/wp-json\/wp\/v2\/product"}],"about":[{"href":"https:\/\/kruvid24.ee\/en\/wp-json\/wp\/v2\/types\/product"}],"wp:featuredmedia":[{"embeddable":true,"href":"https:\/\/kruvid24.ee\/en\/wp-json\/wp\/v2\/media\/9484"}],"wp:attachment":[{"href":"https:\/\/kruvid24.ee\/en\/wp-json\/wp\/v2\/media?parent=9486"}],"curies":[{"name":"wp","href":"https:\/\/api.w.org\/{rel}","templated":true}]}}