{"id":9588,"date":"2021-09-16T10:30:21","date_gmt":"2021-09-16T08:30:21","guid":{"rendered":"https:\/\/kruvid24.ee\/ru\/?post_type=product&#038;p=9588"},"modified":"2025-12-23T10:34:18","modified_gmt":"2025-12-23T08:34:18","slug":"sgr-seinakonks-jalgratta-hoidmiseks","status":"publish","type":"product","link":"https:\/\/kruvid24.ee\/en\/p\/sgr-bicycle-hook-goliat\/","title":{"rendered":"Bike rack bike hook SGR"},"content":{"rendered":"<p><span class=\"HwtZe\" lang=\"en\"><span class=\"jCAhz ChMk0b\"><span class=\"ryNqvb\">A holder designed to hang a bike.<\/span><\/span> <span class=\"jCAhz ChMk0b\"><span class=\"ryNqvb\">It will work well in the garage, in the room or on the balcony.<\/span><\/span> <span class=\"jCAhz\"><span class=\"ryNqvb\">It allows you to safely hang your bike on the wall.<\/span><\/span> <span class=\"jCAhz ChMk0b\"><span class=\"ryNqvb\">This is an interesting and functional solution.<\/span><\/span> <span class=\"jCAhz ChMk0b\"><span class=\"ryNqvb\">The universal size fits every bike and mounting on the wall is very simple.<\/span><\/span> <span class=\"jCAhz ChMk0b\"><span class=\"ryNqvb\">The set includes: assembly instructions, expansion sleeves \u00f88 \u00d7 40 (4 pcs.) and screws \u00f848 \u00d7 64 (4 pcs.) for mounting in the wall and the necessary screws M10 \u00d7 35 (2 pcs.) to screw all the elements together.<\/span><\/span> <span class=\"jCAhz\"><span class=\"ryNqvb\">Self-assembly kit.<\/span><\/span><\/span><br \/>\n5907708169921<br \/>\n5897<\/p>\n<p>Wall-mounted bike hook, bike storage hook, bike holder, wall-mounted bike holder, bike storage, bike rack, wall-mounted bike mount, bike accessories, garage storage, balcony storage, basement storage, bike hanger, PGR, SGR, kruvid24, solidago24<\/p>","protected":false},"excerpt":{"rendered":"<p>A holder designed to hang a bike. It will work well in the garage, in the room or on the<\/p>\n","protected":false},"featured_media":9592,"template":"","meta":[],"class_list":["post-9588","product","type-product","status-publish","has-post-thumbnail","hentry","product_cat-sport-ja-meelelahutus","product_cat-garaazi-jaoks"],"_links":{"self":[{"href":"https:\/\/kruvid24.ee\/en\/wp-json\/wp\/v2\/product\/9588","targetHints":{"allow":["GET"]}}],"collection":[{"href":"https:\/\/kruvid24.ee\/en\/wp-json\/wp\/v2\/product"}],"about":[{"href":"https:\/\/kruvid24.ee\/en\/wp-json\/wp\/v2\/types\/product"}],"wp:featuredmedia":[{"embeddable":true,"href":"https:\/\/kruvid24.ee\/en\/wp-json\/wp\/v2\/media\/9592"}],"wp:attachment":[{"href":"https:\/\/kruvid24.ee\/en\/wp-json\/wp\/v2\/media?parent=9588"}],"curies":[{"name":"wp","href":"https:\/\/api.w.org\/{rel}","templated":true}]}}