{"id":8872,"date":"2021-06-19T07:33:26","date_gmt":"2021-06-19T05:33:26","guid":{"rendered":"https:\/\/kruvid24.ee\/ru\/?post_type=product&#038;p=8872"},"modified":"2026-04-13T08:16:27","modified_gmt":"2026-04-13T06:16:27","slug":"lp6-naelutusplaat-210x90x25-mm","status":"publish","type":"product","link":"https:\/\/kruvid24.ee\/ru\/p\/lp6-ploskij-soedinitel-210x90x25-mm\/","title":{"rendered":"LP6 \u041f\u043b\u043e\u0441\u043a\u0438\u0439 \u0441\u043e\u0435\u0434\u0438\u043d\u0438\u0442\u0435\u043b\u044c 210x90x2,5 \u043c\u043c"},"content":{"rendered":"<p>LP6 \u041f\u043b\u043e\u0441\u043a\u0438\u0439 \u0441\u043e\u0435\u0434\u0438\u043d\u0438\u0442\u0435\u043b\u044c 210x90x2,5 \u043c\u043c<br \/>\n\u041f\u0440\u0438\u043c\u0435\u043d\u0435\u043d\u0438\u0435: \u041f\u043b\u043e\u0441\u043a\u0438\u0435 \u043f\u0440\u043e\u0444\u0438\u043b\u0438 \u0438\u043b\u0438 \u043f\u0440\u043e\u0441\u0442\u043e \u043b\u044b\u0441\u043a\u0438 \u043f\u0440\u0438\u043c\u0435\u043d\u044f\u044e\u0442\u0441\u044f \u0432 \u0441\u043e\u0435\u0434\u0438\u043d\u0435\u043d\u0438\u044f\u0445, \u0433\u0434\u0435 \u0431\u043e\u043a\u043e\u0432\u044b\u0435 \u043f\u043e\u0432\u0435\u0440\u0445\u043d\u043e\u0441\u0442\u0438 \u0441\u043e\u0435\u0434\u0438\u043d\u044f\u0435\u043c\u044b\u0445 \u044d\u043b\u0435\u043c\u0435\u043d\u0442\u043e\u0432 \u043d\u0430\u0445\u043e\u0434\u044f\u0442\u0441\u044f \u0432 \u043e\u0434\u043d\u043e\u0439 \u043f\u043b\u043e\u0441\u043a\u043e\u0441\u0442\u0438. \u041e\u0431\u044b\u0447\u043d\u043e \u0438\u0441\u043f\u043e\u043b\u044c\u0437\u0443\u044e\u0442\u0441\u044f \u043f\u043e\u043f\u0430\u0440\u043d\u043e \u0438 \u0440\u0430\u0437\u043c\u0435\u0449\u0430\u044e\u0442\u0441\u044f \u0441 \u043e\u0431\u0435\u0438\u0445 \u0441\u0442\u043e\u0440\u043e\u043d \u0441\u043e\u0435\u0434\u0438\u043d\u0435\u043d\u0438\u044f. \u041e\u043d\u0438 \u0438\u043c\u0435\u044e\u0442 \u0433\u043b\u0430\u0434\u043a\u0443\u044e \u043f\u043e\u0432\u0435\u0440\u0445\u043d\u043e\u0441\u0442\u044c, \u0447\u0442\u043e \u043f\u043e\u0437\u0432\u043e\u043b\u044f\u0435\u0442 \u043f\u0440\u0438\u043c\u0435\u043d\u044f\u0442\u044c \u0438\u0445 \u043a\u0430\u043a \u0432\u043d\u0443\u0442\u0440\u0438, \u0442\u0430\u043a \u0438 \u0441\u043d\u0430\u0440\u0443\u0436\u0438 \u0441\u043e\u0435\u0434\u0438\u043d\u0435\u043d\u0438\u044f.<br \/>\n\u041c\u0430\u0442\u0435\u0440\u0438\u0430\u043b: \u041e\u0446\u0438\u043d\u043a\u043e\u0432\u0430\u043d\u043d\u044b\u0439 \u0441\u0442\u0430\u043b\u044c\u043d\u043e\u0439 \u043b\u0438\u0441\u0442 \u0442\u043e\u043b\u0449\u0438\u043d\u043e\u0439\u00a0 2,5 \u043c\u043c.<br \/>\n\u041a\u0440\u0435\u043f\u043b\u0435\u043d\u0438\u0435: \u0421\u0442\u043e\u043b\u044f\u0440\u043d\u044b\u0435 \u0433\u0432\u043e\u0437\u0434\u0438 ANCHOR \u00f82, \u00f84; \u0441\u0430\u043c\u043e\u0440\u0435\u0437\u044b \u043f\u043e \u0434\u0435\u0440\u0435\u0432\u0443 \u00f83, \u00f84, \u00f85, \u00f86, \u00f810; \u0431\u043e\u043b\u0442\u044b \u041c5, \u041c10, \u041c12; \u0430\u043d\u043a\u0435\u0440\u044b \u0434\u043b\u044f \u0431\u0435\u0442\u043e\u043d\u0430 \u041c5, \u041c10, \u041c12.<br \/>\n5907708144461<br \/>\n4476<\/p>","protected":false},"excerpt":{"rendered":"<p>LP6 \u041f\u043b\u043e\u0441\u043a\u0438\u0439 \u0441\u043e\u0435\u0434\u0438\u043d\u0438\u0442\u0435\u043b\u044c 210x90x2,5 \u043c\u043c \u041f\u0440\u0438\u043c\u0435\u043d\u0435\u043d\u0438\u0435: \u041f\u043b\u043e\u0441\u043a\u0438\u0435 \u043f\u0440\u043e\u0444\u0438\u043b\u0438 \u0438\u043b\u0438 \u043f\u0440\u043e\u0441\u0442\u043e \u043b\u044b\u0441\u043a\u0438 \u043f\u0440\u0438\u043c\u0435\u043d\u044f\u044e\u0442\u0441\u044f \u0432 \u0441\u043e\u0435\u0434\u0438\u043d\u0435\u043d\u0438\u044f\u0445, \u0433\u0434\u0435 \u0431\u043e\u043a\u043e\u0432\u044b\u0435 \u043f\u043e\u0432\u0435\u0440\u0445\u043d\u043e\u0441\u0442\u0438 \u0441\u043e\u0435\u0434\u0438\u043d\u044f\u0435\u043c\u044b\u0445 \u044d\u043b\u0435\u043c\u0435\u043d\u0442\u043e\u0432 \u043d\u0430\u0445\u043e\u0434\u044f\u0442\u0441\u044f<\/p>\n","protected":false},"featured_media":8873,"template":"","meta":[],"class_list":["post-8872","product","type-product","status-publish","has-post-thumbnail","hentry","product_cat-kinnitusplaadid","product_cat-naelutusplaadid"],"_links":{"self":[{"href":"https:\/\/kruvid24.ee\/ru\/wp-json\/wp\/v2\/product\/8872","targetHints":{"allow":["GET"]}}],"collection":[{"href":"https:\/\/kruvid24.ee\/ru\/wp-json\/wp\/v2\/product"}],"about":[{"href":"https:\/\/kruvid24.ee\/ru\/wp-json\/wp\/v2\/types\/product"}],"wp:featuredmedia":[{"embeddable":true,"href":"https:\/\/kruvid24.ee\/ru\/wp-json\/wp\/v2\/media\/8873"}],"wp:attachment":[{"href":"https:\/\/kruvid24.ee\/ru\/wp-json\/wp\/v2\/media?parent=8872"}],"curies":[{"name":"wp","href":"https:\/\/api.w.org\/{rel}","templated":true}]}}